{"id":1995,"date":"2025-10-09T07:34:50","date_gmt":"2025-10-09T07:34:50","guid":{"rendered":"https:\/\/grupopostresreina.com\/politicas-de-cookies\/"},"modified":"2025-10-09T07:50:54","modified_gmt":"2025-10-09T07:50:54","slug":"cookies-policy","status":"publish","type":"page","link":"https:\/\/grupopostresreina.com\/en\/cookies-policy\/","title":{"rendered":"Cookies Policy"},"content":{"rendered":"\t\t<div data-elementor-type=\"wp-page\" data-elementor-id=\"1995\" class=\"elementor elementor-1995 elementor-1984\" data-elementor-post-type=\"page\">\n\t\t\t\t<div class=\"elementor-element elementor-element-813d8ac e-flex e-con-boxed e-con e-parent\" data-id=\"813d8ac\" data-element_type=\"container\" data-settings=\"{&quot;background_background&quot;:&quot;gradient&quot;}\">\n\t\t\t\t\t<div class=\"e-con-inner\">\n\t\t\t\t\t<\/div>\n\t\t\t\t<\/div>\n\t\t<div class=\"elementor-element elementor-element-d87b371 e-flex e-con-boxed e-con e-parent\" data-id=\"d87b371\" data-element_type=\"container\">\n\t\t\t\t\t<div class=\"e-con-inner\">\n\t\t\t\t<div class=\"elementor-element elementor-element-55ddaaf elementor-widget elementor-widget-text-editor\" data-id=\"55ddaaf\" data-element_type=\"widget\" data-widget_type=\"text-editor.default\">\n\t\t\t\t<div class=\"elementor-widget-container\">\n\t\t\t\t\t\t\t\t\t<p><strong>POSTRES REINA\u00a0<\/strong>a trav\u00e9s del presente documento, recoge su Pol\u00edtica de recogida y tratamiento de cookies, en cumplimiento de lo dispuesto en el art\u00edculo 22.2 de la Ley 34\/2002, de 11 de julio, de Servicios de la Sociedad de la Informaci\u00f3n y de Comercio Electr\u00f3nico (LSSICE).<\/p><p>La presente Pol\u00edtica de Cookies ser\u00e1 de aplicaci\u00f3n a aquellos usuarios que voluntariamente visitan las p\u00e1ginas web de\u00a0<strong>POSTRES REINA<\/strong>, cumplimentan formularios de recogida de datos, acceden a las herramientas que<strong>\u00a0POSTRES REINA<\/strong>\u00a0pone a disposici\u00f3n de sus clientes para gestionar sus servicios, o utilizan cualquier otro servicio presente en el sitio web que implique la comunicaci\u00f3n de datos o el acceso a datos para la prestaci\u00f3n de sus servicios.<\/p><p><strong>\u00a0<\/strong><\/p><p><strong><em>\u00bfQu\u00e9 son las cookies?<\/em><\/strong><\/p><p>Las cookies son peque\u00f1os archivos que algunas plataformas, como las p\u00e1ginas web, pueden instalar en su ordenador, smartphone, tableta o televisi\u00f3n conectada, al acceder a las mismas. Sus funciones pueden ser muy variadas: almacenar sus preferencias de navegaci\u00f3n, recopilar informaci\u00f3n estad\u00edstica, permitir ciertas funcionalidades t\u00e9cnicas, almacenar y recuperar informaci\u00f3n sobre los h\u00e1bitos de navegaci\u00f3n o preferencias de un usuario o de su equipo hasta el punto, en ocasiones, dependiendo de la informaci\u00f3n que contengan y de la forma en que utilice su equipo, de poder reconocerlo. Una cookie se almacena en un ordenador para personalizar y facilitar al m\u00e1ximo la navegaci\u00f3n del usuario. Las cookies se asocian \u00fanicamente a un usuario y su ordenador y no proporcionan referencias que permitan deducir datos personales del usuario. El usuario podr\u00e1 configurar su navegador para que notifique o rechace la instalaci\u00f3n de las cookies enviadas por el sitio web.<\/p><p><strong><em>\u00bfPor qu\u00e9 son importantes?<\/em><\/strong><\/p><p>Las cookies son \u00fatiles por varios motivos. Desde un punto de vista t\u00e9cnico, permiten que las p\u00e1ginas web funcionen de forma m\u00e1s \u00e1gil y adaptada a las preferencias del usuario como, por ejemplo, almacenar su idioma o la moneda de su pa\u00eds. Adem\u00e1s, ayudan a los responsables de los sitios web a mejorar los servicios que ofrecen, gracias a la informaci\u00f3n estad\u00edstica que recogen a trav\u00e9s de ellas. Finalmente, sirven para hacer m\u00e1s eficiente la publicidad que le mostramos, gracias a la cual le podemos ofrecer servicios de forma gratuita.<\/p><p><strong><em>\u00bfC\u00f3mo utilizamos las cookies?<\/em><\/strong><\/p><p>Navegar por esta web supone que se puedan instalar los siguientes tipos de cookies:<\/p><p>Clasificadas por su titularidad:<\/p><p><strong>Cookies propias<\/strong><\/p><p><strong>\u00a0<\/strong><\/p><p>Enviadas y gestionadas directamente por\u00a0<strong>POSTRES REINA<\/strong>.\u00a0<strong>\u00a0<\/strong><\/p><p><strong>\u00a0<\/strong><\/p><p><strong>\u00a0<\/strong><\/p><p><strong>Cookies de terceros<\/strong><\/p><p><strong>\u00a0<\/strong><\/p><p>Enviadas y gestionadas por un tercero ajeno a\u00a0<strong>POSTRES REINA<\/strong>\u00a0de forma an\u00f3nima, con la finalidad de realizar estudios estad\u00edsticos de navegaci\u00f3n por las p\u00e1ginas web.\u00a0\u00a0<strong>\u00a0<\/strong><\/p><p><strong>\u00a0<\/strong>\u00a0<strong>\u00a0<\/strong><\/p><p><strong>\u00a0<\/strong><\/p><p>Clasificadas por su finalidad:<\/p><p><strong>\u00a0<\/strong><\/p><p><strong>Cookies de mejora del rendimiento<\/strong><\/p><p>Este tipo de cookies conserva sus preferencias para ciertas herramientas o servicios para que no tenga que reconfigurarlos cada vez que visita nuestro portal y, en algunos casos, pueden ser aportadas por terceros. Algunos ejemplos de este tipo de cookies son: ajuste del volumen de los reproductores audiovisuales, preferencias de ordenaci\u00f3n de art\u00edculos o velocidades de reproducci\u00f3n de v\u00eddeo compatibles. En el caso de comercio electr\u00f3nico, permiten mantener informaci\u00f3n sobre su cesta de la compra.<\/p><p><strong>Cookies de an\u00e1lisis estad\u00edstico<\/strong><\/p><p>Son aquellas que, bien tratadas por nosotros o por terceros, permiten cuantificar el n\u00famero de visitantes y analizar estad\u00edsticamente la utilizaci\u00f3n que hacen los usuarios de nuestros servicios. Gracias a ellas podemos estudiar la navegaci\u00f3n por nuestra p\u00e1gina web y mejorar as\u00ed la oferta de productos o servicios que ofrecemos. Estas cookies no ir\u00e1n asociadas a ning\u00fan dato de car\u00e1cter personal que pueda identificar al usuario, dando informaci\u00f3n sobre el comportamiento de navegaci\u00f3n de forma an\u00f3nima.<\/p><p><strong>Cookies de geolocalizaci\u00f3n<\/strong><\/p><p>Estas cookies son usadas por programas que intentan localizar geogr\u00e1ficamente la situaci\u00f3n del ordenador, smartphone, tableta o televisi\u00f3n conectada, para de manera totalmente an\u00f3nima ofrecerle contenidos y servicios m\u00e1s adecuados.<\/p><p><strong>Cookies de registro<\/strong><\/p><p>Son cookies que le identifican como usuario registrado e indican cu\u00e1ndo usted se ha identificado en la web. Estas cookies son utilizadas para identificar su cuenta de usuario y sus servicios asociados, facilitando as\u00ed su navegaci\u00f3n. Estas cookies se mantienen mientras usted no abandone la cuenta, cierre el navegador o apague el dispositivo. Estas cookies pueden ser utilizadas en combinaci\u00f3n con datos anal\u00edticos para identificar de manera individual sus preferencias en nuestro portal.<\/p><p><strong>Cookies publicitarias<\/strong><\/p><p>Son aqu\u00e9llas que, bien tratadas por nosotros o por terceros, permiten gestionar eficazmente los espacios publicitarios de nuestro sitio web, adecuando el contenido del anuncio al contenido del servicio solicitado o al uso que realice de nuestra p\u00e1gina web. Gracias a ella podemos conocer sus h\u00e1bitos de navegaci\u00f3n en internet y mostrarle publicidad relacionada con su perfil de navegaci\u00f3n.<\/p><p><strong>\u00a0<\/strong><\/p><p><strong>Otras cookies de terceros<\/strong><\/p><p>En algunas de nuestras p\u00e1ginas se pueden instalar cookies de terceros que permitan gestionar y mejorar los servicios que \u00e9stos ofrecen. Un ejemplo de este uso son los enlaces a las redes sociales que permiten compartir nuestros contenidos.<\/p><p>Clasificadas por su duraci\u00f3n:<\/p><p><strong>Cookies de sesi\u00f3n<\/strong><\/p><p>Recaban y almacenan los datos mientras el usuario accede a la p\u00e1gina web.<\/p><p><strong>Cookies persistentes<\/strong><\/p><p>Recaban y almacenan los datos en el terminal del usuario durante un periodo de tiempo variable en funci\u00f3n de cu\u00e1l sea la finalidad para la que han sido utilizadas.<\/p><p>El tiempo de conservaci\u00f3n de las cookies depender\u00e1 del tipo de que se trate y siempre ser\u00e1 el m\u00ednimo indispensable para cumplir su finalidad.<\/p><p><strong><em>\u00bfC\u00f3mo puedo configurar mis preferencias?<\/em><\/strong><\/p><p>Usted puede permitir, bloquear o eliminar las cookies instaladas en su equipo mediante la configuraci\u00f3n de las opciones de su navegador de internet.<\/p><p>A continuaci\u00f3n, le ofrecemos enlaces en los que encontrar\u00e1 informaci\u00f3n sobre c\u00f3mo puede activar sus preferencias en los principales navegadores:<\/p><ul><li><a href=\"http:\/\/support.google.com\/chrome\/bin\/answer.py?hl=es&amp;answer=95647\">Google Chrome<\/a><\/li><li><a href=\"http:\/\/support.mozilla.org\/es\/kb\/cookies-informacion-que-los-sitios-web-guardan-en-?redirectlocale=en-US&amp;redirectslug=Cookies\">Mozilla Firefox<\/a><\/li><li><a href=\"http:\/\/support.microsoft.com\/kb\/196955\/es\">Internet Explorer<\/a><\/li><li><a href=\"http:\/\/docs.info.apple.com\/article.html?path=Safari\/3.0\/fr\/9277.html\">Safari<\/a><\/li><li><a href=\"http:\/\/support.apple.com\/kb\/HT1677?viewlocale=es_ES\">Safari para IOS<\/a>(iPhone, iPad)<\/li><\/ul><p><strong><em>\u00bfQu\u00e9 ocurre si se desahibilitan las cookies?<\/em><\/strong><\/p><p>En el caso de bloquear o no aceptar la instalaci\u00f3n de cookies es posible que ciertos servicios ofrecidos por nuestro sitio web que necesitan su uso queden deshabilitados y, por lo tanto, no est\u00e9n disponibles para usted por lo que no podr\u00e1 aprovechar por completo todo lo que nuestra web y aplicaciones le ofrecen. Es posible tambi\u00e9n que la calidad de funcionamiento de la p\u00e1gina web pueda disminuir.<\/p><p><strong><em>\u00bfQu\u00e9 tipos de cookies utilizamos?<\/em><\/strong><\/p><table width=\"880\"><thead><tr><td><strong>Cookie<\/strong><\/td><td><strong>Nombre<\/strong><\/td><td><strong>Prop\u00f3sito<\/strong><\/td><td><strong>Propietario<\/strong><\/td><td><strong>M\u00e1s informaci\u00f3n<\/strong><\/td><\/tr><\/thead><tbody><tr><td>Funcionamiento<\/td><td>\u00a0<\/td><td>Las cookies de funcionamiento permiten que esta p\u00e1gina web pueda ofrecer ciertas opciones y guardar la informaci\u00f3n ya proporcionada (como el nombre o la selecci\u00f3n del idioma) para brindar funciones mejoradas y m\u00e1s personalizadas.<\/td><td>\u00a0<\/td><td>\u00a0<\/td><\/tr><tr><td>Rendimiento<\/td><td>\u00a0<\/td><td>Las cookies de rendimiento recopilan informaci\u00f3n sobre el uso de una p\u00e1gina web. Se utilizan para entender mejor el funcionamiento de una p\u00e1gina web y poder mejorar su apariencia, contenido y funcionalidad.<\/td><td>\u00a0<\/td><td>\u00a0<\/td><\/tr><tr><td>Marketing\/Terceeros<\/td><td>\u00a0<\/td><td>Las cookies de marketing o de terceros provienen de empresas de publicidad externas (entre otras) y se utilizan para recopilar informaci\u00f3n sobre las p\u00e1ginas web que los usuarios visitan; por ejemplo, para crear publicidad personalizada.<\/td><td>\u00a0<\/td><td>\u00a0<\/td><\/tr><\/tbody><\/table><h3>\u00a0<\/h3><p><strong>POSTRES REINA informa a los usuarios de sus p\u00e1ginas web, de la existencia de cookies y pone a su disposici\u00f3n la presente Pol\u00edtica con la finalidad de informarles acerca del uso y del objeto de las mismas. El hecho de continuar la navegaci\u00f3n a trav\u00e9s de sus p\u00e1ginas, supone el conocimiento y la aceptaci\u00f3n de la presente Pol\u00edtica por parte de dichos usuarios.<\/strong><\/p><h3>\u00a0<\/h3><p><strong>Aceptaci\u00f3n de las cookies seg\u00fan la elecci\u00f3n<\/strong><\/p><p>Si usted sigue navegando despu\u00e9s de haberle informado sobre nuestra Pol\u00edtica de cookies entendemos que acepta la utilizaci\u00f3n de las cookies.<br \/>Al acceder a este sitio web o aplicaci\u00f3n por primera vez, ver\u00e1 una ventana donde se le informa de la utilizaci\u00f3n de las cookies y donde puede consultar esta pol\u00edtica de cookies. Si usted consiente la utilizaci\u00f3n de cookies, contin\u00faa navegando o hace clic en alg\u00fan link se entender\u00e1 que usted ha consentido nuestra pol\u00edtica de cookies y, por tanto, la instalaci\u00f3n de las mismas en su equipo o dispositivo.<\/p><p>Adem\u00e1s del uso de nuestras cookies propias, permitimos a terceros establecer cookies y acceder a ellas en su ordenador. El consentimiento del uso de las cookies de esta empresa est\u00e1 ligado a la navegaci\u00f3n por este sitio web.<\/p>\t\t\t\t\t\t\t\t<\/div>\n\t\t\t\t<\/div>\n\t\t\t\t\t<\/div>\n\t\t\t\t<\/div>\n\t\t\t\t<\/div>\n\t\t","protected":false},"excerpt":{"rendered":"<p>POSTRES REINA\u00a0a trav\u00e9s del presente documento, recoge su Pol\u00edtica de recogida y tratamiento de cookies, en cumplimiento de lo dispuesto en el art\u00edculo 22.2 de la Ley 34\/2002, de 11 de julio, de Servicios de la Sociedad de la Informaci\u00f3n y de Comercio Electr\u00f3nico (LSSICE). La presente Pol\u00edtica de Cookies ser\u00e1 de aplicaci\u00f3n a aquellos [&hellip;]<\/p>\n","protected":false},"author":1,"featured_media":0,"parent":0,"menu_order":0,"comment_status":"closed","ping_status":"closed","template":"","meta":{"site-sidebar-layout":"no-sidebar","site-content-layout":"page-builder","ast-site-content-layout":"full-width-container","site-content-style":"default","site-sidebar-style":"default","ast-global-header-display":"","ast-banner-title-visibility":"","ast-main-header-display":"","ast-hfb-above-header-display":"","ast-hfb-below-header-display":"","ast-hfb-mobile-header-display":"","site-post-title":"disabled","ast-breadcrumbs-content":"","ast-featured-img":"disabled","footer-sml-layout":"","ast-disable-related-posts":"","theme-transparent-header-meta":"","adv-header-id-meta":"","stick-header-meta":"","header-above-stick-meta":"","header-main-stick-meta":"","header-below-stick-meta":"","astra-migrate-meta-layouts":"set","ast-page-background-enabled":"default","ast-page-background-meta":{"desktop":{"background-color":"","background-image":"","background-repeat":"repeat","background-position":"center center","background-size":"auto","background-attachment":"scroll","background-type":"","background-media":"","overlay-type":"","overlay-color":"","overlay-opacity":"","overlay-gradient":""},"tablet":{"background-color":"","background-image":"","background-repeat":"repeat","background-position":"center center","background-size":"auto","background-attachment":"scroll","background-type":"","background-media":"","overlay-type":"","overlay-color":"","overlay-opacity":"","overlay-gradient":""},"mobile":{"background-color":"","background-image":"","background-repeat":"repeat","background-position":"center center","background-size":"auto","background-attachment":"scroll","background-type":"","background-media":"","overlay-type":"","overlay-color":"","overlay-opacity":"","overlay-gradient":""}},"ast-content-background-meta":{"desktop":{"background-color":"var(--ast-global-color-5)","background-image":"","background-repeat":"repeat","background-position":"center center","background-size":"auto","background-attachment":"scroll","background-type":"","background-media":"","overlay-type":"","overlay-color":"","overlay-opacity":"","overlay-gradient":""},"tablet":{"background-color":"var(--ast-global-color-5)","background-image":"","background-repeat":"repeat","background-position":"center center","background-size":"auto","background-attachment":"scroll","background-type":"","background-media":"","overlay-type":"","overlay-color":"","overlay-opacity":"","overlay-gradient":""},"mobile":{"background-color":"var(--ast-global-color-5)","background-image":"","background-repeat":"repeat","background-position":"center center","background-size":"auto","background-attachment":"scroll","background-type":"","background-media":"","overlay-type":"","overlay-color":"","overlay-opacity":"","overlay-gradient":""}},"footnotes":""},"class_list":["post-1995","page","type-page","status-publish","hentry"],"yoast_head":"<!-- This site is optimized with the Yoast SEO plugin v26.7 - https:\/\/yoast.com\/wordpress\/plugins\/seo\/ -->\n<title>Cookies Policy - Reina Group<\/title>\n<meta name=\"robots\" content=\"index, follow, max-snippet:-1, max-image-preview:large, max-video-preview:-1\" \/>\n<link rel=\"canonical\" href=\"https:\/\/grupopostresreina.com\/en\/cookies-policy\/\" \/>\n<meta property=\"og:locale\" content=\"en_US\" \/>\n<meta property=\"og:type\" content=\"article\" \/>\n<meta property=\"og:title\" content=\"Cookies Policy - Reina Group\" \/>\n<meta property=\"og:description\" content=\"POSTRES REINA\u00a0a trav\u00e9s del presente documento, recoge su Pol\u00edtica de recogida y tratamiento de cookies, en cumplimiento de lo dispuesto en el art\u00edculo 22.2 de la Ley 34\/2002, de 11 de julio, de Servicios de la Sociedad de la Informaci\u00f3n y de Comercio Electr\u00f3nico (LSSICE). La presente Pol\u00edtica de Cookies ser\u00e1 de aplicaci\u00f3n a aquellos [&hellip;]\" \/>\n<meta property=\"og:url\" content=\"https:\/\/grupopostresreina.com\/en\/cookies-policy\/\" \/>\n<meta property=\"og:site_name\" content=\"Reina Group\" \/>\n<meta property=\"article:modified_time\" content=\"2025-10-09T07:50:54+00:00\" \/>\n<meta name=\"twitter:card\" content=\"summary_large_image\" \/>\n<meta name=\"twitter:label1\" content=\"Est. reading time\" \/>\n\t<meta name=\"twitter:data1\" content=\"7 minutes\" \/>\n<script type=\"application\/ld+json\" class=\"yoast-schema-graph\">{\"@context\":\"https:\/\/schema.org\",\"@graph\":[{\"@type\":\"WebPage\",\"@id\":\"https:\/\/grupopostresreina.com\/en\/cookies-policy\/\",\"url\":\"https:\/\/grupopostresreina.com\/en\/cookies-policy\/\",\"name\":\"Cookies Policy - Reina Group\",\"isPartOf\":{\"@id\":\"https:\/\/grupopostresreina.com\/en\/#website\"},\"datePublished\":\"2025-10-09T07:34:50+00:00\",\"dateModified\":\"2025-10-09T07:50:54+00:00\",\"breadcrumb\":{\"@id\":\"https:\/\/grupopostresreina.com\/en\/cookies-policy\/#breadcrumb\"},\"inLanguage\":\"en-US\",\"potentialAction\":[{\"@type\":\"ReadAction\",\"target\":[\"https:\/\/grupopostresreina.com\/en\/cookies-policy\/\"]}]},{\"@type\":\"BreadcrumbList\",\"@id\":\"https:\/\/grupopostresreina.com\/en\/cookies-policy\/#breadcrumb\",\"itemListElement\":[{\"@type\":\"ListItem\",\"position\":1,\"name\":\"Portada\",\"item\":\"https:\/\/grupopostresreina.com\/en\/home\/\"},{\"@type\":\"ListItem\",\"position\":2,\"name\":\"Cookies Policy\"}]},{\"@type\":\"WebSite\",\"@id\":\"https:\/\/grupopostresreina.com\/en\/#website\",\"url\":\"https:\/\/grupopostresreina.com\/en\/\",\"name\":\"Reina Group\",\"description\":\"\",\"potentialAction\":[{\"@type\":\"SearchAction\",\"target\":{\"@type\":\"EntryPoint\",\"urlTemplate\":\"https:\/\/grupopostresreina.com\/en\/?s={search_term_string}\"},\"query-input\":{\"@type\":\"PropertyValueSpecification\",\"valueRequired\":true,\"valueName\":\"search_term_string\"}}],\"inLanguage\":\"en-US\"}]}<\/script>\n<!-- \/ Yoast SEO plugin. -->","yoast_head_json":{"title":"Cookies Policy - Reina Group","robots":{"index":"index","follow":"follow","max-snippet":"max-snippet:-1","max-image-preview":"max-image-preview:large","max-video-preview":"max-video-preview:-1"},"canonical":"https:\/\/grupopostresreina.com\/en\/cookies-policy\/","og_locale":"en_US","og_type":"article","og_title":"Cookies Policy - Reina Group","og_description":"POSTRES REINA\u00a0a trav\u00e9s del presente documento, recoge su Pol\u00edtica de recogida y tratamiento de cookies, en cumplimiento de lo dispuesto en el art\u00edculo 22.2 de la Ley 34\/2002, de 11 de julio, de Servicios de la Sociedad de la Informaci\u00f3n y de Comercio Electr\u00f3nico (LSSICE). La presente Pol\u00edtica de Cookies ser\u00e1 de aplicaci\u00f3n a aquellos [&hellip;]","og_url":"https:\/\/grupopostresreina.com\/en\/cookies-policy\/","og_site_name":"Reina Group","article_modified_time":"2025-10-09T07:50:54+00:00","twitter_card":"summary_large_image","twitter_misc":{"Est. reading time":"7 minutes"},"schema":{"@context":"https:\/\/schema.org","@graph":[{"@type":"WebPage","@id":"https:\/\/grupopostresreina.com\/en\/cookies-policy\/","url":"https:\/\/grupopostresreina.com\/en\/cookies-policy\/","name":"Cookies Policy - Reina Group","isPartOf":{"@id":"https:\/\/grupopostresreina.com\/en\/#website"},"datePublished":"2025-10-09T07:34:50+00:00","dateModified":"2025-10-09T07:50:54+00:00","breadcrumb":{"@id":"https:\/\/grupopostresreina.com\/en\/cookies-policy\/#breadcrumb"},"inLanguage":"en-US","potentialAction":[{"@type":"ReadAction","target":["https:\/\/grupopostresreina.com\/en\/cookies-policy\/"]}]},{"@type":"BreadcrumbList","@id":"https:\/\/grupopostresreina.com\/en\/cookies-policy\/#breadcrumb","itemListElement":[{"@type":"ListItem","position":1,"name":"Portada","item":"https:\/\/grupopostresreina.com\/en\/home\/"},{"@type":"ListItem","position":2,"name":"Cookies Policy"}]},{"@type":"WebSite","@id":"https:\/\/grupopostresreina.com\/en\/#website","url":"https:\/\/grupopostresreina.com\/en\/","name":"Reina Group","description":"","potentialAction":[{"@type":"SearchAction","target":{"@type":"EntryPoint","urlTemplate":"https:\/\/grupopostresreina.com\/en\/?s={search_term_string}"},"query-input":{"@type":"PropertyValueSpecification","valueRequired":true,"valueName":"search_term_string"}}],"inLanguage":"en-US"}]}},"_links":{"self":[{"href":"https:\/\/grupopostresreina.com\/en\/wp-json\/wp\/v2\/pages\/1995","targetHints":{"allow":["GET"]}}],"collection":[{"href":"https:\/\/grupopostresreina.com\/en\/wp-json\/wp\/v2\/pages"}],"about":[{"href":"https:\/\/grupopostresreina.com\/en\/wp-json\/wp\/v2\/types\/page"}],"author":[{"embeddable":true,"href":"https:\/\/grupopostresreina.com\/en\/wp-json\/wp\/v2\/users\/1"}],"replies":[{"embeddable":true,"href":"https:\/\/grupopostresreina.com\/en\/wp-json\/wp\/v2\/comments?post=1995"}],"version-history":[{"count":1,"href":"https:\/\/grupopostresreina.com\/en\/wp-json\/wp\/v2\/pages\/1995\/revisions"}],"predecessor-version":[{"id":2000,"href":"https:\/\/grupopostresreina.com\/en\/wp-json\/wp\/v2\/pages\/1995\/revisions\/2000"}],"wp:attachment":[{"href":"https:\/\/grupopostresreina.com\/en\/wp-json\/wp\/v2\/media?parent=1995"}],"curies":[{"name":"wp","href":"https:\/\/api.w.org\/{rel}","templated":true}]}}