{"id":1731,"date":"2025-07-02T08:48:33","date_gmt":"2025-07-02T08:48:33","guid":{"rendered":"https:\/\/grupopostresreina.com\/certificacoes\/"},"modified":"2025-12-11T16:43:28","modified_gmt":"2025-12-11T16:43:28","slug":"certificacoes","status":"publish","type":"page","link":"https:\/\/grupopostresreina.com\/pt-pt\/certificacoes\/","title":{"rendered":"Certifica\u00e7\u00f5es"},"content":{"rendered":"\t\t<div data-elementor-type=\"wp-page\" data-elementor-id=\"1731\" class=\"elementor elementor-1731 elementor-1707\" data-elementor-post-type=\"page\">\n\t\t\t\t<div class=\"elementor-element elementor-element-813d8ac e-flex e-con-boxed e-con e-parent\" data-id=\"813d8ac\" data-element_type=\"container\" data-settings=\"{&quot;background_background&quot;:&quot;gradient&quot;}\">\n\t\t\t\t\t<div class=\"e-con-inner\">\n\t\t\t\t<div class=\"elementor-element elementor-element-c2c2a9d elementor-widget elementor-widget-heading\" data-id=\"c2c2a9d\" data-element_type=\"widget\" data-widget_type=\"heading.default\">\n\t\t\t\t<div class=\"elementor-widget-container\">\n\t\t\t\t\t<h6 class=\"elementor-heading-title elementor-size-default\">Empresa certificada<\/h6>\t\t\t\t<\/div>\n\t\t\t\t<\/div>\n\t\t\t\t<div class=\"elementor-element elementor-element-df31253 elementor-widget elementor-widget-heading\" data-id=\"df31253\" data-element_type=\"widget\" data-widget_type=\"heading.default\">\n\t\t\t\t<div class=\"elementor-widget-container\">\n\t\t\t\t\t<h1 class=\"elementor-heading-title elementor-size-default\">Certifica\u00e7\u00f5es<\/h1>\t\t\t\t<\/div>\n\t\t\t\t<\/div>\n\t\t\t\t\t<\/div>\n\t\t\t\t<\/div>\n\t\t<div class=\"elementor-element elementor-element-ea83003 e-con-full e-flex e-con e-parent\" data-id=\"ea83003\" data-element_type=\"container\">\n\t\t\t\t<div class=\"elementor-element elementor-element-573ebf7 gallery-spacing-custom elementor-widget elementor-widget-image-gallery\" data-id=\"573ebf7\" data-element_type=\"widget\" data-widget_type=\"image-gallery.default\">\n\t\t\t\t<div class=\"elementor-widget-container\">\n\t\t\t\t\t\t\t<div class=\"elementor-image-gallery\">\n\t\t\t<div id='gallery-1' class='gallery galleryid-1731 gallery-columns-4 gallery-size-full'><figure class='gallery-item'>\n\t\t\t<div class='gallery-icon portrait'>\n\t\t\t\t<a data-elementor-open-lightbox=\"yes\" data-elementor-lightbox-slideshow=\"573ebf7\" data-elementor-lightbox-title=\"CertificadoGA-2016-0108_ES_2023-05-23\" data-e-action-hash=\"#elementor-action%3Aaction%3Dlightbox%26settings%3DeyJpZCI6MTcxMSwidXJsIjoiaHR0cHM6XC9cL2dydXBvcG9zdHJlc3JlaW5hLmNvbVwvd3AtY29udGVudFwvdXBsb2Fkc1wvMjAyNVwvMDdcL0NlcnRpZmljYWRvR0EtMjAxNi0wMTA4X0VTXzIwMjMtMDUtMjMuanBnIiwic2xpZGVzaG93IjoiNTczZWJmNyJ9\" href='https:\/\/grupopostresreina.com\/wp-content\/uploads\/2025\/07\/CertificadoGA-2016-0108_ES_2023-05-23.jpg'><img fetchpriority=\"high\" decoding=\"async\" width=\"709\" height=\"1000\" src=\"https:\/\/grupopostresreina.com\/wp-content\/uploads\/2025\/07\/CertificadoGA-2016-0108_ES_2023-05-23.jpg\" class=\"attachment-full size-full\" alt=\"\" srcset=\"https:\/\/grupopostresreina.com\/wp-content\/uploads\/2025\/07\/CertificadoGA-2016-0108_ES_2023-05-23.jpg 709w, https:\/\/grupopostresreina.com\/wp-content\/uploads\/2025\/07\/CertificadoGA-2016-0108_ES_2023-05-23-213x300.jpg 213w\" sizes=\"(max-width: 709px) 100vw, 709px\" \/><\/a>\n\t\t\t<\/div><\/figure><figure class='gallery-item'>\n\t\t\t<div class='gallery-icon portrait'>\n\t\t\t\t<a data-elementor-open-lightbox=\"yes\" data-elementor-lightbox-slideshow=\"573ebf7\" data-elementor-lightbox-title=\"BRC-20160011 - POSTRES Y DULCES REINA, S.L. 25\" data-e-action-hash=\"#elementor-action%3Aaction%3Dlightbox%26settings%3DeyJpZCI6MjEwNiwidXJsIjoiaHR0cHM6XC9cL2dydXBvcG9zdHJlc3JlaW5hLmNvbVwvd3AtY29udGVudFwvdXBsb2Fkc1wvMjAyNVwvMTJcL0JSQy0yMDE2MDAxMS1QT1NUUkVTLVktRFVMQ0VTLVJFSU5BLVMuTC4tMjUuanBnIiwic2xpZGVzaG93IjoiNTczZWJmNyJ9\" href='https:\/\/grupopostresreina.com\/wp-content\/uploads\/2025\/12\/BRC-20160011-POSTRES-Y-DULCES-REINA-S.L.-25.jpg'><img decoding=\"async\" width=\"700\" height=\"990\" src=\"https:\/\/grupopostresreina.com\/wp-content\/uploads\/2025\/12\/BRC-20160011-POSTRES-Y-DULCES-REINA-S.L.-25.jpg\" class=\"attachment-full size-full\" alt=\"\" srcset=\"https:\/\/grupopostresreina.com\/wp-content\/uploads\/2025\/12\/BRC-20160011-POSTRES-Y-DULCES-REINA-S.L.-25.jpg 700w, https:\/\/grupopostresreina.com\/wp-content\/uploads\/2025\/12\/BRC-20160011-POSTRES-Y-DULCES-REINA-S.L.-25-212x300.jpg 212w\" sizes=\"(max-width: 700px) 100vw, 700px\" \/><\/a>\n\t\t\t<\/div><\/figure><figure class='gallery-item'>\n\t\t\t<div class='gallery-icon portrait'>\n\t\t\t\t<a data-elementor-open-lightbox=\"yes\" data-elementor-lightbox-slideshow=\"573ebf7\" data-elementor-lightbox-title=\"Certificado Halal Generico - Postres Reina (1) 2025\" data-e-action-hash=\"#elementor-action%3Aaction%3Dlightbox%26settings%3DeyJpZCI6MjEwOSwidXJsIjoiaHR0cHM6XC9cL2dydXBvcG9zdHJlc3JlaW5hLmNvbVwvd3AtY29udGVudFwvdXBsb2Fkc1wvMjAyNVwvMTJcL0NlcnRpZmljYWRvLUhhbGFsLUdlbmVyaWNvLVBvc3RyZXMtUmVpbmEtMS0yMDI1LmpwZyIsInNsaWRlc2hvdyI6IjU3M2ViZjcifQ%3D%3D\" href='https:\/\/grupopostresreina.com\/wp-content\/uploads\/2025\/12\/Certificado-Halal-Generico-Postres-Reina-1-2025.jpg'><img decoding=\"async\" width=\"700\" height=\"990\" src=\"https:\/\/grupopostresreina.com\/wp-content\/uploads\/2025\/12\/Certificado-Halal-Generico-Postres-Reina-1-2025.jpg\" class=\"attachment-full size-full\" alt=\"\" srcset=\"https:\/\/grupopostresreina.com\/wp-content\/uploads\/2025\/12\/Certificado-Halal-Generico-Postres-Reina-1-2025.jpg 700w, https:\/\/grupopostresreina.com\/wp-content\/uploads\/2025\/12\/Certificado-Halal-Generico-Postres-Reina-1-2025-212x300.jpg 212w\" sizes=\"(max-width: 700px) 100vw, 700px\" \/><\/a>\n\t\t\t<\/div><\/figure><figure class='gallery-item'>\n\t\t\t<div class='gallery-icon portrait'>\n\t\t\t\t<a data-elementor-open-lightbox=\"yes\" data-elementor-lightbox-slideshow=\"573ebf7\" data-elementor-lightbox-title=\"IFS 20160018 POSTRES Y DULCES REINA 25\" data-e-action-hash=\"#elementor-action%3Aaction%3Dlightbox%26settings%3DeyJpZCI6MjExMiwidXJsIjoiaHR0cHM6XC9cL2dydXBvcG9zdHJlc3JlaW5hLmNvbVwvd3AtY29udGVudFwvdXBsb2Fkc1wvMjAyNVwvMTJcL0lGUy0yMDE2MDAxOC1QT1NUUkVTLVktRFVMQ0VTLVJFSU5BLTI1LmpwZyIsInNsaWRlc2hvdyI6IjU3M2ViZjcifQ%3D%3D\" href='https:\/\/grupopostresreina.com\/wp-content\/uploads\/2025\/12\/IFS-20160018-POSTRES-Y-DULCES-REINA-25.jpg'><img loading=\"lazy\" decoding=\"async\" width=\"700\" height=\"990\" src=\"https:\/\/grupopostresreina.com\/wp-content\/uploads\/2025\/12\/IFS-20160018-POSTRES-Y-DULCES-REINA-25.jpg\" class=\"attachment-full size-full\" alt=\"\" srcset=\"https:\/\/grupopostresreina.com\/wp-content\/uploads\/2025\/12\/IFS-20160018-POSTRES-Y-DULCES-REINA-25.jpg 700w, https:\/\/grupopostresreina.com\/wp-content\/uploads\/2025\/12\/IFS-20160018-POSTRES-Y-DULCES-REINA-25-212x300.jpg 212w\" sizes=\"(max-width: 700px) 100vw, 700px\" \/><\/a>\n\t\t\t<\/div><\/figure><figure class='gallery-item'>\n\t\t\t<div class='gallery-icon portrait'>\n\t\t\t\t<a data-elementor-open-lightbox=\"yes\" data-elementor-lightbox-slideshow=\"573ebf7\" data-elementor-lightbox-title=\"IQNetES-2016-0108_2023-05-23\" data-e-action-hash=\"#elementor-action%3Aaction%3Dlightbox%26settings%3DeyJpZCI6MjExNSwidXJsIjoiaHR0cHM6XC9cL2dydXBvcG9zdHJlc3JlaW5hLmNvbVwvd3AtY29udGVudFwvdXBsb2Fkc1wvMjAyNVwvMTJcL0lRTmV0RVMtMjAxNi0wMTA4XzIwMjMtMDUtMjMuanBnIiwic2xpZGVzaG93IjoiNTczZWJmNyJ9\" href='https:\/\/grupopostresreina.com\/wp-content\/uploads\/2025\/12\/IQNetES-2016-0108_2023-05-23.jpg'><img loading=\"lazy\" decoding=\"async\" width=\"700\" height=\"990\" src=\"https:\/\/grupopostresreina.com\/wp-content\/uploads\/2025\/12\/IQNetES-2016-0108_2023-05-23.jpg\" class=\"attachment-full size-full\" alt=\"\" srcset=\"https:\/\/grupopostresreina.com\/wp-content\/uploads\/2025\/12\/IQNetES-2016-0108_2023-05-23.jpg 700w, https:\/\/grupopostresreina.com\/wp-content\/uploads\/2025\/12\/IQNetES-2016-0108_2023-05-23-212x300.jpg 212w\" sizes=\"(max-width: 700px) 100vw, 700px\" \/><\/a>\n\t\t\t<\/div><\/figure><figure class='gallery-item'>\n\t\t\t<div class='gallery-icon portrait'>\n\t\t\t\t<a data-elementor-open-lightbox=\"yes\" data-elementor-lightbox-slideshow=\"573ebf7\" data-elementor-lightbox-title=\"POLITICA DE GESTION 21-10-25 -0001\" data-e-action-hash=\"#elementor-action%3Aaction%3Dlightbox%26settings%3DeyJpZCI6MjExOCwidXJsIjoiaHR0cHM6XC9cL2dydXBvcG9zdHJlc3JlaW5hLmNvbVwvd3AtY29udGVudFwvdXBsb2Fkc1wvMjAyNVwvMTJcL1BPTElUSUNBLURFLUdFU1RJT04tMjEtMTAtMjUtMDAwMS5qcGciLCJzbGlkZXNob3ciOiI1NzNlYmY3In0%3D\" href='https:\/\/grupopostresreina.com\/wp-content\/uploads\/2025\/12\/POLITICA-DE-GESTION-21-10-25-0001.jpg'><img loading=\"lazy\" decoding=\"async\" width=\"700\" height=\"990\" src=\"https:\/\/grupopostresreina.com\/wp-content\/uploads\/2025\/12\/POLITICA-DE-GESTION-21-10-25-0001.jpg\" class=\"attachment-full size-full\" alt=\"\" srcset=\"https:\/\/grupopostresreina.com\/wp-content\/uploads\/2025\/12\/POLITICA-DE-GESTION-21-10-25-0001.jpg 700w, https:\/\/grupopostresreina.com\/wp-content\/uploads\/2025\/12\/POLITICA-DE-GESTION-21-10-25-0001-212x300.jpg 212w\" sizes=\"(max-width: 700px) 100vw, 700px\" \/><\/a>\n\t\t\t<\/div><\/figure><figure class='gallery-item'>\n\t\t\t<div class='gallery-icon portrait'>\n\t\t\t\t<a data-elementor-open-lightbox=\"yes\" data-elementor-lightbox-slideshow=\"573ebf7\" data-elementor-lightbox-title=\"POLITICA DE GESTION 21-10-25 -0002\" data-e-action-hash=\"#elementor-action%3Aaction%3Dlightbox%26settings%3DeyJpZCI6MjEyMSwidXJsIjoiaHR0cHM6XC9cL2dydXBvcG9zdHJlc3JlaW5hLmNvbVwvd3AtY29udGVudFwvdXBsb2Fkc1wvMjAyNVwvMTJcL1BPTElUSUNBLURFLUdFU1RJT04tMjEtMTAtMjUtMDAwMi5qcGciLCJzbGlkZXNob3ciOiI1NzNlYmY3In0%3D\" href='https:\/\/grupopostresreina.com\/wp-content\/uploads\/2025\/12\/POLITICA-DE-GESTION-21-10-25-0002.jpg'><img loading=\"lazy\" decoding=\"async\" width=\"700\" height=\"990\" src=\"https:\/\/grupopostresreina.com\/wp-content\/uploads\/2025\/12\/POLITICA-DE-GESTION-21-10-25-0002.jpg\" class=\"attachment-full size-full\" alt=\"\" srcset=\"https:\/\/grupopostresreina.com\/wp-content\/uploads\/2025\/12\/POLITICA-DE-GESTION-21-10-25-0002.jpg 700w, https:\/\/grupopostresreina.com\/wp-content\/uploads\/2025\/12\/POLITICA-DE-GESTION-21-10-25-0002-212x300.jpg 212w\" sizes=\"(max-width: 700px) 100vw, 700px\" \/><\/a>\n\t\t\t<\/div><\/figure>\n\t\t<\/div>\n\t\t<\/div>\n\t\t\t\t\t\t<\/div>\n\t\t\t\t<\/div>\n\t\t\t\t<\/div>\n\t\t\t\t<\/div>\n\t\t","protected":false},"excerpt":{"rendered":"<p>Empresa certificada Certifica\u00e7\u00f5es<\/p>\n","protected":false},"author":1,"featured_media":0,"parent":0,"menu_order":0,"comment_status":"closed","ping_status":"closed","template":"","meta":{"site-sidebar-layout":"no-sidebar","site-content-layout":"page-builder","ast-site-content-layout":"full-width-container","site-content-style":"default","site-sidebar-style":"default","ast-global-header-display":"","ast-banner-title-visibility":"","ast-main-header-display":"","ast-hfb-above-header-display":"","ast-hfb-below-header-display":"","ast-hfb-mobile-header-display":"","site-post-title":"disabled","ast-breadcrumbs-content":"","ast-featured-img":"disabled","footer-sml-layout":"","ast-disable-related-posts":"","theme-transparent-header-meta":"","adv-header-id-meta":"","stick-header-meta":"","header-above-stick-meta":"","header-main-stick-meta":"","header-below-stick-meta":"","astra-migrate-meta-layouts":"default","ast-page-background-enabled":"default","ast-page-background-meta":{"desktop":{"background-color":"","background-image":"","background-repeat":"repeat","background-position":"center center","background-size":"auto","background-attachment":"scroll","background-type":"","background-media":"","overlay-type":"","overlay-color":"","overlay-opacity":"","overlay-gradient":""},"tablet":{"background-color":"","background-image":"","background-repeat":"repeat","background-position":"center center","background-size":"auto","background-attachment":"scroll","background-type":"","background-media":"","overlay-type":"","overlay-color":"","overlay-opacity":"","overlay-gradient":""},"mobile":{"background-color":"","background-image":"","background-repeat":"repeat","background-position":"center center","background-size":"auto","background-attachment":"scroll","background-type":"","background-media":"","overlay-type":"","overlay-color":"","overlay-opacity":"","overlay-gradient":""}},"ast-content-background-meta":{"desktop":{"background-color":"var(--ast-global-color-5)","background-image":"","background-repeat":"repeat","background-position":"center center","background-size":"auto","background-attachment":"scroll","background-type":"","background-media":"","overlay-type":"","overlay-color":"","overlay-opacity":"","overlay-gradient":""},"tablet":{"background-color":"var(--ast-global-color-5)","background-image":"","background-repeat":"repeat","background-position":"center center","background-size":"auto","background-attachment":"scroll","background-type":"","background-media":"","overlay-type":"","overlay-color":"","overlay-opacity":"","overlay-gradient":""},"mobile":{"background-color":"var(--ast-global-color-5)","background-image":"","background-repeat":"repeat","background-position":"center center","background-size":"auto","background-attachment":"scroll","background-type":"","background-media":"","overlay-type":"","overlay-color":"","overlay-opacity":"","overlay-gradient":""}},"footnotes":""},"class_list":["post-1731","page","type-page","status-publish","hentry"],"yoast_head":"<!-- This site is optimized with the Yoast SEO plugin v26.7 - https:\/\/yoast.com\/wordpress\/plugins\/seo\/ -->\n<title>Certifica\u00e7\u00f5es - Reina Group<\/title>\n<meta name=\"robots\" content=\"index, follow, max-snippet:-1, max-image-preview:large, max-video-preview:-1\" \/>\n<link rel=\"canonical\" href=\"https:\/\/grupopostresreina.com\/pt-pt\/certificacoes\/\" \/>\n<meta property=\"og:locale\" content=\"pt_PT\" \/>\n<meta property=\"og:type\" content=\"article\" \/>\n<meta property=\"og:title\" content=\"Certifica\u00e7\u00f5es - Reina Group\" \/>\n<meta property=\"og:description\" content=\"Empresa certificada Certifica\u00e7\u00f5es\" \/>\n<meta property=\"og:url\" content=\"https:\/\/grupopostresreina.com\/pt-pt\/certificacoes\/\" \/>\n<meta property=\"og:site_name\" content=\"Reina Group\" \/>\n<meta property=\"article:modified_time\" content=\"2025-12-11T16:43:28+00:00\" \/>\n<meta property=\"og:image\" content=\"https:\/\/grupopostresreina.com\/wp-content\/uploads\/2025\/07\/CertificadoGA-2016-0108_ES_2023-05-23.jpg\" \/>\n<meta name=\"twitter:card\" content=\"summary_large_image\" \/>\n<script type=\"application\/ld+json\" class=\"yoast-schema-graph\">{\"@context\":\"https:\/\/schema.org\",\"@graph\":[{\"@type\":\"WebPage\",\"@id\":\"https:\/\/grupopostresreina.com\/pt-pt\/certificacoes\/\",\"url\":\"https:\/\/grupopostresreina.com\/pt-pt\/certificacoes\/\",\"name\":\"Certifica\u00e7\u00f5es - Reina Group\",\"isPartOf\":{\"@id\":\"https:\/\/grupopostresreina.com\/pt-pt\/#website\"},\"primaryImageOfPage\":{\"@id\":\"https:\/\/grupopostresreina.com\/pt-pt\/certificacoes\/#primaryimage\"},\"image\":{\"@id\":\"https:\/\/grupopostresreina.com\/pt-pt\/certificacoes\/#primaryimage\"},\"thumbnailUrl\":\"https:\/\/grupopostresreina.com\/wp-content\/uploads\/2025\/07\/CertificadoGA-2016-0108_ES_2023-05-23.jpg\",\"datePublished\":\"2025-07-02T08:48:33+00:00\",\"dateModified\":\"2025-12-11T16:43:28+00:00\",\"breadcrumb\":{\"@id\":\"https:\/\/grupopostresreina.com\/pt-pt\/certificacoes\/#breadcrumb\"},\"inLanguage\":\"pt-PT\",\"potentialAction\":[{\"@type\":\"ReadAction\",\"target\":[\"https:\/\/grupopostresreina.com\/pt-pt\/certificacoes\/\"]}]},{\"@type\":\"ImageObject\",\"inLanguage\":\"pt-PT\",\"@id\":\"https:\/\/grupopostresreina.com\/pt-pt\/certificacoes\/#primaryimage\",\"url\":\"https:\/\/grupopostresreina.com\/wp-content\/uploads\/2025\/07\/CertificadoGA-2016-0108_ES_2023-05-23.jpg\",\"contentUrl\":\"https:\/\/grupopostresreina.com\/wp-content\/uploads\/2025\/07\/CertificadoGA-2016-0108_ES_2023-05-23.jpg\"},{\"@type\":\"BreadcrumbList\",\"@id\":\"https:\/\/grupopostresreina.com\/pt-pt\/certificacoes\/#breadcrumb\",\"itemListElement\":[{\"@type\":\"ListItem\",\"position\":1,\"name\":\"Portada\",\"item\":\"https:\/\/grupopostresreina.com\/pt-pt\/\"},{\"@type\":\"ListItem\",\"position\":2,\"name\":\"Certifica\u00e7\u00f5es\"}]},{\"@type\":\"WebSite\",\"@id\":\"https:\/\/grupopostresreina.com\/pt-pt\/#website\",\"url\":\"https:\/\/grupopostresreina.com\/pt-pt\/\",\"name\":\"Reina Group\",\"description\":\"\",\"potentialAction\":[{\"@type\":\"SearchAction\",\"target\":{\"@type\":\"EntryPoint\",\"urlTemplate\":\"https:\/\/grupopostresreina.com\/pt-pt\/?s={search_term_string}\"},\"query-input\":{\"@type\":\"PropertyValueSpecification\",\"valueRequired\":true,\"valueName\":\"search_term_string\"}}],\"inLanguage\":\"pt-PT\"}]}<\/script>\n<!-- \/ Yoast SEO plugin. -->","yoast_head_json":{"title":"Certifica\u00e7\u00f5es - Reina Group","robots":{"index":"index","follow":"follow","max-snippet":"max-snippet:-1","max-image-preview":"max-image-preview:large","max-video-preview":"max-video-preview:-1"},"canonical":"https:\/\/grupopostresreina.com\/pt-pt\/certificacoes\/","og_locale":"pt_PT","og_type":"article","og_title":"Certifica\u00e7\u00f5es - Reina Group","og_description":"Empresa certificada Certifica\u00e7\u00f5es","og_url":"https:\/\/grupopostresreina.com\/pt-pt\/certificacoes\/","og_site_name":"Reina Group","article_modified_time":"2025-12-11T16:43:28+00:00","og_image":[{"url":"https:\/\/grupopostresreina.com\/wp-content\/uploads\/2025\/07\/CertificadoGA-2016-0108_ES_2023-05-23.jpg","type":"","width":"","height":""}],"twitter_card":"summary_large_image","schema":{"@context":"https:\/\/schema.org","@graph":[{"@type":"WebPage","@id":"https:\/\/grupopostresreina.com\/pt-pt\/certificacoes\/","url":"https:\/\/grupopostresreina.com\/pt-pt\/certificacoes\/","name":"Certifica\u00e7\u00f5es - Reina Group","isPartOf":{"@id":"https:\/\/grupopostresreina.com\/pt-pt\/#website"},"primaryImageOfPage":{"@id":"https:\/\/grupopostresreina.com\/pt-pt\/certificacoes\/#primaryimage"},"image":{"@id":"https:\/\/grupopostresreina.com\/pt-pt\/certificacoes\/#primaryimage"},"thumbnailUrl":"https:\/\/grupopostresreina.com\/wp-content\/uploads\/2025\/07\/CertificadoGA-2016-0108_ES_2023-05-23.jpg","datePublished":"2025-07-02T08:48:33+00:00","dateModified":"2025-12-11T16:43:28+00:00","breadcrumb":{"@id":"https:\/\/grupopostresreina.com\/pt-pt\/certificacoes\/#breadcrumb"},"inLanguage":"pt-PT","potentialAction":[{"@type":"ReadAction","target":["https:\/\/grupopostresreina.com\/pt-pt\/certificacoes\/"]}]},{"@type":"ImageObject","inLanguage":"pt-PT","@id":"https:\/\/grupopostresreina.com\/pt-pt\/certificacoes\/#primaryimage","url":"https:\/\/grupopostresreina.com\/wp-content\/uploads\/2025\/07\/CertificadoGA-2016-0108_ES_2023-05-23.jpg","contentUrl":"https:\/\/grupopostresreina.com\/wp-content\/uploads\/2025\/07\/CertificadoGA-2016-0108_ES_2023-05-23.jpg"},{"@type":"BreadcrumbList","@id":"https:\/\/grupopostresreina.com\/pt-pt\/certificacoes\/#breadcrumb","itemListElement":[{"@type":"ListItem","position":1,"name":"Portada","item":"https:\/\/grupopostresreina.com\/pt-pt\/"},{"@type":"ListItem","position":2,"name":"Certifica\u00e7\u00f5es"}]},{"@type":"WebSite","@id":"https:\/\/grupopostresreina.com\/pt-pt\/#website","url":"https:\/\/grupopostresreina.com\/pt-pt\/","name":"Reina Group","description":"","potentialAction":[{"@type":"SearchAction","target":{"@type":"EntryPoint","urlTemplate":"https:\/\/grupopostresreina.com\/pt-pt\/?s={search_term_string}"},"query-input":{"@type":"PropertyValueSpecification","valueRequired":true,"valueName":"search_term_string"}}],"inLanguage":"pt-PT"}]}},"_links":{"self":[{"href":"https:\/\/grupopostresreina.com\/pt-pt\/wp-json\/wp\/v2\/pages\/1731","targetHints":{"allow":["GET"]}}],"collection":[{"href":"https:\/\/grupopostresreina.com\/pt-pt\/wp-json\/wp\/v2\/pages"}],"about":[{"href":"https:\/\/grupopostresreina.com\/pt-pt\/wp-json\/wp\/v2\/types\/page"}],"author":[{"embeddable":true,"href":"https:\/\/grupopostresreina.com\/pt-pt\/wp-json\/wp\/v2\/users\/1"}],"replies":[{"embeddable":true,"href":"https:\/\/grupopostresreina.com\/pt-pt\/wp-json\/wp\/v2\/comments?post=1731"}],"version-history":[{"count":3,"href":"https:\/\/grupopostresreina.com\/pt-pt\/wp-json\/wp\/v2\/pages\/1731\/revisions"}],"predecessor-version":[{"id":2126,"href":"https:\/\/grupopostresreina.com\/pt-pt\/wp-json\/wp\/v2\/pages\/1731\/revisions\/2126"}],"wp:attachment":[{"href":"https:\/\/grupopostresreina.com\/pt-pt\/wp-json\/wp\/v2\/media?parent=1731"}],"curies":[{"name":"wp","href":"https:\/\/api.w.org\/{rel}","templated":true}]}}