{"id":1982,"date":"2025-10-09T07:20:44","date_gmt":"2025-10-09T07:20:44","guid":{"rendered":"https:\/\/grupopostresreina.com\/aviso-legal\/"},"modified":"2025-10-09T08:06:36","modified_gmt":"2025-10-09T08:06:36","slug":"aviso-legal","status":"publish","type":"page","link":"https:\/\/grupopostresreina.com\/pt-pt\/aviso-legal\/","title":{"rendered":"Aviso Legal PT"},"content":{"rendered":"\t\t<div data-elementor-type=\"wp-page\" data-elementor-id=\"1982\" class=\"elementor elementor-1982 elementor-1968\" data-elementor-post-type=\"page\">\n\t\t\t\t<div class=\"elementor-element elementor-element-813d8ac e-flex e-con-boxed e-con e-parent\" data-id=\"813d8ac\" data-element_type=\"container\" data-settings=\"{&quot;background_background&quot;:&quot;gradient&quot;}\">\n\t\t\t\t\t<div class=\"e-con-inner\">\n\t\t\t\t\t<\/div>\n\t\t\t\t<\/div>\n\t\t<div class=\"elementor-element elementor-element-d87b371 e-flex e-con-boxed e-con e-parent\" data-id=\"d87b371\" data-element_type=\"container\">\n\t\t\t\t\t<div class=\"e-con-inner\">\n\t\t\t\t<div class=\"elementor-element elementor-element-55ddaaf elementor-widget elementor-widget-text-editor\" data-id=\"55ddaaf\" data-element_type=\"widget\" data-widget_type=\"text-editor.default\">\n\t\t\t\t<div class=\"elementor-widget-container\">\n\t\t\t\t\t\t\t\t\t<p>Em cumprimento do artigo 10 da Lei 34\/2002, de 11 de julho, de Servi\u00e7os da Sociedade da Informa\u00e7\u00e3o e Com\u00e9rcio Eletr\u00f3nico (LSSICE), s\u00e3o detalhados abaixo os dados identificativos da empresa:<br><\/p>\n<p>Raz\u00e3o social: POSTRES Y DULCES REINA S.L. (doravante, POSTRES REINA)<\/p>\n<p>NIF (CIF): B30246607<\/p>\n<p>Endere\u00e7o: P.I. C\u00c1VILA, P15\u201119, 30400, CARAVACA DE LA CRUZ, MURCIA, Espanha<\/p>\n<p>Telefone: +34 968 72 53 00<\/p>\n<p>Email: info@postresreina.com<\/p>\n<p>Nome de dom\u00ednio: https:\/\/grupopostresreina.com\/<\/p>\n<p>Autoriza\u00e7\u00e3o administrativa: Autoriza\u00e7\u00e3o da Comiss\u00e3o Nacional do Mercado e da Concorr\u00eancia para a presta\u00e7\u00e3o de servi\u00e7os de comunica\u00e7\u00f5es eletr\u00f3nicas.<\/p>\n<p><br><\/p><p>REGISTRO MERCANTIL<\/p>\n<p>A empresa POSTRES Y DULCES REINA S.L. est\u00e1 registada no Registro Mercantil de M\u00farcia, Tomo 50, Folio 81, folha MU\u20111056.<\/p>\n<p>Finalidade do Site<\/p>\n<p>Venda de produtos do sector alimentar relacionados com POSTRES REINA. O presente aviso legal (doravante, o \u201cAviso Legal\u201d) regula o uso do site:&nbsp;https:\/\/grupopostresreina.com\/<\/p><p><span style=\"font-style: inherit; font-weight: inherit;\"><br><\/span><\/p><p><span style=\"font-style: inherit; font-weight: inherit;\">Legisla\u00e7\u00e3o<\/span><\/p>\n<p>De modo geral, as rela\u00e7\u00f5es entre a POSTRES REINA e os utilizadores dos seus servi\u00e7os telem\u00e1ticos presentes neste site est\u00e3o sujeitas \u00e0 legisla\u00e7\u00e3o e jurisdi\u00e7\u00e3o espanholas.<\/p>\n<p>Uso e Acesso pelos Utilizadores<\/p>\n<p>O utilizador \u00e9 informado e aceita que o acesso a este site n\u00e3o implica, de forma alguma, o in\u00edcio de uma rela\u00e7\u00e3o comercial com a POSTRES REINA ou com qualquer das suas delega\u00e7\u00f5es.<\/p>\n<p>Propriedade Intelectual e Industrial<\/p>\n<p>Os direitos de propriedade intelectual do conte\u00fado das p\u00e1ginas web, do seu design gr\u00e1fico e dos c\u00f3digos pertencem \u00e0 POSTRES REINA; por isso, \u00e9 proibida a sua reprodu\u00e7\u00e3o, distribui\u00e7\u00e3o, comunica\u00e7\u00e3o p\u00fablica, transforma\u00e7\u00e3o ou qualquer outra atividade que se possa realizar com os conte\u00fados das suas p\u00e1ginas web, mesmo citando as fontes, salvo consentimento escrito da POSTRES REINA.<\/p>\n<p>Conte\u00fado do Site e Links (Links)<\/p>\n<p>A POSTRES REINA reserva\u2011se o direito de atualizar, modificar ou eliminar a informa\u00e7\u00e3o contida nas suas p\u00e1ginas web, podendo ainda limitar ou impedir o acesso a essa informa\u00e7\u00e3o a determinados utilizadores.<\/p>\n<p>A POSTRES REINA n\u00e3o assume responsabilidade alguma pela informa\u00e7\u00e3o contida em sites de terceiros a que se possa aceder por \u201clinks\u201d ou liga\u00e7\u00f5es a partir de qualquer p\u00e1gina da POSTRES REINA.<\/p>\n<p>A presen\u00e7a de \u201clinks\u201d nas p\u00e1ginas da POSTRES REINA tem apenas finalidade informativa e, em nenhum caso, constitui sugest\u00e3o, convite ou recomenda\u00e7\u00e3o.<\/p>\t\t\t\t\t\t\t\t<\/div>\n\t\t\t\t<\/div>\n\t\t\t\t\t<\/div>\n\t\t\t\t<\/div>\n\t\t\t\t<\/div>\n\t\t","protected":false},"excerpt":{"rendered":"<p>Em cumprimento do artigo 10 da Lei 34\/2002, de 11 de julho, de Servi\u00e7os da Sociedade da Informa\u00e7\u00e3o e Com\u00e9rcio Eletr\u00f3nico (LSSICE), s\u00e3o detalhados abaixo os dados identificativos da empresa: Raz\u00e3o social: POSTRES Y DULCES REINA S.L. (doravante, POSTRES REINA) NIF (CIF): B30246607 Endere\u00e7o: P.I. C\u00c1VILA, P15\u201119, 30400, CARAVACA DE LA CRUZ, MURCIA, Espanha Telefone: [&hellip;]<\/p>\n","protected":false},"author":1,"featured_media":0,"parent":0,"menu_order":0,"comment_status":"closed","ping_status":"closed","template":"","meta":{"site-sidebar-layout":"no-sidebar","site-content-layout":"page-builder","ast-site-content-layout":"full-width-container","site-content-style":"default","site-sidebar-style":"default","ast-global-header-display":"","ast-banner-title-visibility":"","ast-main-header-display":"","ast-hfb-above-header-display":"","ast-hfb-below-header-display":"","ast-hfb-mobile-header-display":"","site-post-title":"disabled","ast-breadcrumbs-content":"","ast-featured-img":"disabled","footer-sml-layout":"","ast-disable-related-posts":"","theme-transparent-header-meta":"","adv-header-id-meta":"","stick-header-meta":"","header-above-stick-meta":"","header-main-stick-meta":"","header-below-stick-meta":"","astra-migrate-meta-layouts":"default","ast-page-background-enabled":"default","ast-page-background-meta":{"desktop":{"background-color":"","background-image":"","background-repeat":"repeat","background-position":"center center","background-size":"auto","background-attachment":"scroll","background-type":"","background-media":"","overlay-type":"","overlay-color":"","overlay-opacity":"","overlay-gradient":""},"tablet":{"background-color":"","background-image":"","background-repeat":"repeat","background-position":"center center","background-size":"auto","background-attachment":"scroll","background-type":"","background-media":"","overlay-type":"","overlay-color":"","overlay-opacity":"","overlay-gradient":""},"mobile":{"background-color":"","background-image":"","background-repeat":"repeat","background-position":"center center","background-size":"auto","background-attachment":"scroll","background-type":"","background-media":"","overlay-type":"","overlay-color":"","overlay-opacity":"","overlay-gradient":""}},"ast-content-background-meta":{"desktop":{"background-color":"var(--ast-global-color-5)","background-image":"","background-repeat":"repeat","background-position":"center center","background-size":"auto","background-attachment":"scroll","background-type":"","background-media":"","overlay-type":"","overlay-color":"","overlay-opacity":"","overlay-gradient":""},"tablet":{"background-color":"var(--ast-global-color-5)","background-image":"","background-repeat":"repeat","background-position":"center center","background-size":"auto","background-attachment":"scroll","background-type":"","background-media":"","overlay-type":"","overlay-color":"","overlay-opacity":"","overlay-gradient":""},"mobile":{"background-color":"var(--ast-global-color-5)","background-image":"","background-repeat":"repeat","background-position":"center center","background-size":"auto","background-attachment":"scroll","background-type":"","background-media":"","overlay-type":"","overlay-color":"","overlay-opacity":"","overlay-gradient":""}},"footnotes":""},"class_list":["post-1982","page","type-page","status-publish","hentry"],"yoast_head":"<!-- This site is optimized with the Yoast SEO plugin v26.7 - https:\/\/yoast.com\/wordpress\/plugins\/seo\/ -->\n<title>Aviso Legal PT - Reina Group<\/title>\n<meta name=\"robots\" content=\"index, follow, max-snippet:-1, max-image-preview:large, max-video-preview:-1\" \/>\n<link rel=\"canonical\" href=\"https:\/\/grupopostresreina.com\/pt-pt\/aviso-legal\/\" \/>\n<meta property=\"og:locale\" content=\"pt_PT\" \/>\n<meta property=\"og:type\" content=\"article\" \/>\n<meta property=\"og:title\" content=\"Aviso Legal PT - Reina Group\" \/>\n<meta property=\"og:description\" content=\"Em cumprimento do artigo 10 da Lei 34\/2002, de 11 de julho, de Servi\u00e7os da Sociedade da Informa\u00e7\u00e3o e Com\u00e9rcio Eletr\u00f3nico (LSSICE), s\u00e3o detalhados abaixo os dados identificativos da empresa: Raz\u00e3o social: POSTRES Y DULCES REINA S.L. (doravante, POSTRES REINA) NIF (CIF): B30246607 Endere\u00e7o: P.I. C\u00c1VILA, P15\u201119, 30400, CARAVACA DE LA CRUZ, MURCIA, Espanha Telefone: [&hellip;]\" \/>\n<meta property=\"og:url\" content=\"https:\/\/grupopostresreina.com\/pt-pt\/aviso-legal\/\" \/>\n<meta property=\"og:site_name\" content=\"Reina Group\" \/>\n<meta property=\"article:modified_time\" content=\"2025-10-09T08:06:36+00:00\" \/>\n<meta name=\"twitter:card\" content=\"summary_large_image\" \/>\n<meta name=\"twitter:label1\" content=\"Tempo estimado de leitura\" \/>\n\t<meta name=\"twitter:data1\" content=\"2 minutos\" \/>\n<script type=\"application\/ld+json\" class=\"yoast-schema-graph\">{\"@context\":\"https:\/\/schema.org\",\"@graph\":[{\"@type\":\"WebPage\",\"@id\":\"https:\/\/grupopostresreina.com\/pt-pt\/aviso-legal\/\",\"url\":\"https:\/\/grupopostresreina.com\/pt-pt\/aviso-legal\/\",\"name\":\"Aviso Legal PT - Reina Group\",\"isPartOf\":{\"@id\":\"https:\/\/grupopostresreina.com\/pt-pt\/#website\"},\"datePublished\":\"2025-10-09T07:20:44+00:00\",\"dateModified\":\"2025-10-09T08:06:36+00:00\",\"breadcrumb\":{\"@id\":\"https:\/\/grupopostresreina.com\/pt-pt\/aviso-legal\/#breadcrumb\"},\"inLanguage\":\"pt-PT\",\"potentialAction\":[{\"@type\":\"ReadAction\",\"target\":[\"https:\/\/grupopostresreina.com\/pt-pt\/aviso-legal\/\"]}]},{\"@type\":\"BreadcrumbList\",\"@id\":\"https:\/\/grupopostresreina.com\/pt-pt\/aviso-legal\/#breadcrumb\",\"itemListElement\":[{\"@type\":\"ListItem\",\"position\":1,\"name\":\"Portada\",\"item\":\"https:\/\/grupopostresreina.com\/pt-pt\/inicio\/\"},{\"@type\":\"ListItem\",\"position\":2,\"name\":\"Aviso Legal PT\"}]},{\"@type\":\"WebSite\",\"@id\":\"https:\/\/grupopostresreina.com\/pt-pt\/#website\",\"url\":\"https:\/\/grupopostresreina.com\/pt-pt\/\",\"name\":\"Reina Group\",\"description\":\"\",\"potentialAction\":[{\"@type\":\"SearchAction\",\"target\":{\"@type\":\"EntryPoint\",\"urlTemplate\":\"https:\/\/grupopostresreina.com\/pt-pt\/?s={search_term_string}\"},\"query-input\":{\"@type\":\"PropertyValueSpecification\",\"valueRequired\":true,\"valueName\":\"search_term_string\"}}],\"inLanguage\":\"pt-PT\"}]}<\/script>\n<!-- \/ Yoast SEO plugin. -->","yoast_head_json":{"title":"Aviso Legal PT - Reina Group","robots":{"index":"index","follow":"follow","max-snippet":"max-snippet:-1","max-image-preview":"max-image-preview:large","max-video-preview":"max-video-preview:-1"},"canonical":"https:\/\/grupopostresreina.com\/pt-pt\/aviso-legal\/","og_locale":"pt_PT","og_type":"article","og_title":"Aviso Legal PT - Reina Group","og_description":"Em cumprimento do artigo 10 da Lei 34\/2002, de 11 de julho, de Servi\u00e7os da Sociedade da Informa\u00e7\u00e3o e Com\u00e9rcio Eletr\u00f3nico (LSSICE), s\u00e3o detalhados abaixo os dados identificativos da empresa: Raz\u00e3o social: POSTRES Y DULCES REINA S.L. (doravante, POSTRES REINA) NIF (CIF): B30246607 Endere\u00e7o: P.I. C\u00c1VILA, P15\u201119, 30400, CARAVACA DE LA CRUZ, MURCIA, Espanha Telefone: [&hellip;]","og_url":"https:\/\/grupopostresreina.com\/pt-pt\/aviso-legal\/","og_site_name":"Reina Group","article_modified_time":"2025-10-09T08:06:36+00:00","twitter_card":"summary_large_image","twitter_misc":{"Tempo estimado de leitura":"2 minutos"},"schema":{"@context":"https:\/\/schema.org","@graph":[{"@type":"WebPage","@id":"https:\/\/grupopostresreina.com\/pt-pt\/aviso-legal\/","url":"https:\/\/grupopostresreina.com\/pt-pt\/aviso-legal\/","name":"Aviso Legal PT - Reina Group","isPartOf":{"@id":"https:\/\/grupopostresreina.com\/pt-pt\/#website"},"datePublished":"2025-10-09T07:20:44+00:00","dateModified":"2025-10-09T08:06:36+00:00","breadcrumb":{"@id":"https:\/\/grupopostresreina.com\/pt-pt\/aviso-legal\/#breadcrumb"},"inLanguage":"pt-PT","potentialAction":[{"@type":"ReadAction","target":["https:\/\/grupopostresreina.com\/pt-pt\/aviso-legal\/"]}]},{"@type":"BreadcrumbList","@id":"https:\/\/grupopostresreina.com\/pt-pt\/aviso-legal\/#breadcrumb","itemListElement":[{"@type":"ListItem","position":1,"name":"Portada","item":"https:\/\/grupopostresreina.com\/pt-pt\/inicio\/"},{"@type":"ListItem","position":2,"name":"Aviso Legal PT"}]},{"@type":"WebSite","@id":"https:\/\/grupopostresreina.com\/pt-pt\/#website","url":"https:\/\/grupopostresreina.com\/pt-pt\/","name":"Reina Group","description":"","potentialAction":[{"@type":"SearchAction","target":{"@type":"EntryPoint","urlTemplate":"https:\/\/grupopostresreina.com\/pt-pt\/?s={search_term_string}"},"query-input":{"@type":"PropertyValueSpecification","valueRequired":true,"valueName":"search_term_string"}}],"inLanguage":"pt-PT"}]}},"_links":{"self":[{"href":"https:\/\/grupopostresreina.com\/pt-pt\/wp-json\/wp\/v2\/pages\/1982","targetHints":{"allow":["GET"]}}],"collection":[{"href":"https:\/\/grupopostresreina.com\/pt-pt\/wp-json\/wp\/v2\/pages"}],"about":[{"href":"https:\/\/grupopostresreina.com\/pt-pt\/wp-json\/wp\/v2\/types\/page"}],"author":[{"embeddable":true,"href":"https:\/\/grupopostresreina.com\/pt-pt\/wp-json\/wp\/v2\/users\/1"}],"replies":[{"embeddable":true,"href":"https:\/\/grupopostresreina.com\/pt-pt\/wp-json\/wp\/v2\/comments?post=1982"}],"version-history":[{"count":2,"href":"https:\/\/grupopostresreina.com\/pt-pt\/wp-json\/wp\/v2\/pages\/1982\/revisions"}],"predecessor-version":[{"id":2018,"href":"https:\/\/grupopostresreina.com\/pt-pt\/wp-json\/wp\/v2\/pages\/1982\/revisions\/2018"}],"wp:attachment":[{"href":"https:\/\/grupopostresreina.com\/pt-pt\/wp-json\/wp\/v2\/media?parent=1982"}],"curies":[{"name":"wp","href":"https:\/\/api.w.org\/{rel}","templated":true}]}}