{"id":1996,"date":"2025-10-09T07:34:50","date_gmt":"2025-10-09T07:34:50","guid":{"rendered":"https:\/\/grupopostresreina.com\/politicas-de-cookies\/"},"modified":"2025-10-09T08:05:50","modified_gmt":"2025-10-09T08:05:50","slug":"politicas-de-cookies","status":"publish","type":"page","link":"https:\/\/grupopostresreina.com\/pt-pt\/politicas-de-cookies\/","title":{"rendered":"Pol\u00edticas de Cookies PT"},"content":{"rendered":"\t\t<div data-elementor-type=\"wp-page\" data-elementor-id=\"1996\" class=\"elementor elementor-1996 elementor-1984\" data-elementor-post-type=\"page\">\n\t\t\t\t<div class=\"elementor-element elementor-element-813d8ac e-flex e-con-boxed e-con e-parent\" data-id=\"813d8ac\" data-element_type=\"container\" data-settings=\"{&quot;background_background&quot;:&quot;gradient&quot;}\">\n\t\t\t\t\t<div class=\"e-con-inner\">\n\t\t\t\t\t<\/div>\n\t\t\t\t<\/div>\n\t\t<div class=\"elementor-element elementor-element-d87b371 e-flex e-con-boxed e-con e-parent\" data-id=\"d87b371\" data-element_type=\"container\">\n\t\t\t\t\t<div class=\"e-con-inner\">\n\t\t\t\t<div class=\"elementor-element elementor-element-55ddaaf elementor-widget elementor-widget-text-editor\" data-id=\"55ddaaf\" data-element_type=\"widget\" data-widget_type=\"text-editor.default\">\n\t\t\t\t<div class=\"elementor-widget-container\">\n\t\t\t\t\t\t\t\t\t<p>POSTRES REINA atrav\u00e9s deste documento, recolhe a sua pol\u00edtica de recolha e tratamento de cookies, em conformidade com as disposi\u00e7\u00f5es do artigo 22.2 da Lei 34\/2002, de 11 de julho, Servi\u00e7os da Sociedade da Informa\u00e7\u00e3o e Com\u00e9rcio Eletr\u00f3nico (LSSICE).<\/p><p>Esta Pol\u00edtica de Cookies ser\u00e1 aplic\u00e1vel aos utilizadores que voluntariamente visitem as p\u00e1ginas web do POSTRES REINA, preencham formul\u00e1rios de recolha de dados, acedam \u00e0s ferramentas que o POSTRES REINA coloca \u00e0 disposi\u00e7\u00e3o dos seus clientes para gerir os seus servi\u00e7os, ou utilizem qualquer outro servi\u00e7o presente no website que implique a comunica\u00e7\u00e3o de dados ou o acesso a dados para a presta\u00e7\u00e3o dos seus servi\u00e7os.<\/p><p><strong>\u00a0<\/strong><\/p><p>O que s\u00e3o cookies?<\/p><p>Os cookies s\u00e3o pequenos ficheiros que algumas plataformas, como os s\u00edtios Web, podem instalar no seu computador, smartphone, tablet ou televis\u00e3o conectada quando acede aos mesmos. As suas fun\u00e7\u00f5es podem ser muito variadas: armazenar as suas prefer\u00eancias de navega\u00e7\u00e3o, recolher informa\u00e7\u00f5es estat\u00edsticas, permitir certas funcionalidades t\u00e9cnicas, armazenar e recuperar informa\u00e7\u00f5es sobre os h\u00e1bitos ou prefer\u00eancias de navega\u00e7\u00e3o de um utilizador ou do seu equipamento, ao ponto de, por vezes, em fun\u00e7\u00e3o das informa\u00e7\u00f5es que cont\u00eam e da forma como utiliza o seu equipamento, poder reconhec\u00ea-lo. Um cookie \u00e9 armazenado num computador para personalizar e facilitar ao m\u00e1ximo a navega\u00e7\u00e3o do utilizador. Os cookies est\u00e3o apenas associados a um utilizador e ao seu computador e n\u00e3o fornecem refer\u00eancias que permitam deduzir os dados pessoais do utilizador. O utilizador pode configurar o seu navegador para notificar ou rejeitar a instala\u00e7\u00e3o de cookies enviados pelo s\u00edtio Web.<\/p><p>Porque \u00e9 que s\u00e3o importantes?<\/p><p>Os cookies s\u00e3o \u00fateis por v\u00e1rias raz\u00f5es. De um ponto de vista t\u00e9cnico, permitem que os s\u00edtios Web funcionem mais rapidamente e se adaptem \u00e0s prefer\u00eancias do utilizador, por exemplo, armazenando a sua l\u00edngua ou a moeda do seu pa\u00eds. Ajudam tamb\u00e9m os operadores de s\u00edtios Web a melhorar os servi\u00e7os que oferecem, gra\u00e7as \u00e0s informa\u00e7\u00f5es estat\u00edsticas que recolhem atrav\u00e9s deles. Por \u00faltimo, s\u00e3o utilizados para tornar mais eficaz a publicidade que lhe mostramos, gra\u00e7as \u00e0 qual podemos oferecer-lhe servi\u00e7os gratuitos.<\/p><p>Como \u00e9 que utilizamos os cookies?<\/p><p>A navega\u00e7\u00e3o neste s\u00edtio Web implica a instala\u00e7\u00e3o dos seguintes tipos de cookies:<\/p><p>Classificados por titularidade:<\/p><p>Cookies pr\u00f3prios<\/p><p>\u00a0<\/p><p>Enviados e geridos diretamente por POSTRES REINA.<\/p><p>\u00a0<\/p><p>\u00a0<\/p><p>Cookies de terceiros<\/p><p>\u00a0<\/p><p>Enviadas e geridas por um terceiro alheio a POSTRES REINA de forma an\u00f3nima, com o fim de realizar estudos estat\u00edsticos da navega\u00e7\u00e3o atrav\u00e9s das p\u00e1ginas web.<\/p><p><strong>\u00a0<\/strong><\/p><p><strong>\u00a0<\/strong>\u00a0<strong>\u00a0<\/strong><\/p><p><strong>\u00a0<\/strong><\/p><p>Classificados por objetivo:<\/p><p>\u00a0<\/p><p>Cookies de melhoria do desempenho.<\/p><p>Este tipo de cookie ret\u00e9m as prefer\u00eancias do utilizador relativamente a determinadas ferramentas ou servi\u00e7os para que n\u00e3o tenha de os reconfigurar sempre que visita o nosso s\u00edtio e, em alguns casos, pode ser fornecido por terceiros. Alguns exemplos deste tipo de cookies s\u00e3o: ajuste do volume dos leitores audiovisuais, prefer\u00eancias de ordena\u00e7\u00e3o de itens ou velocidades de reprodu\u00e7\u00e3o de v\u00eddeo suportadas. No caso do com\u00e9rcio eletr\u00f3nico, permitem manter informa\u00e7\u00f5es sobre o seu cesto de compras.<\/p><p>Cookies de an\u00e1lise estat\u00edstica<\/p><p>Estes cookies, tratados por n\u00f3s ou por terceiros, permitem-nos quantificar o n\u00famero de visitantes e analisar estatisticamente a utiliza\u00e7\u00e3o que os utilizadores fazem dos nossos servi\u00e7os. Gra\u00e7as a eles, podemos estudar a navega\u00e7\u00e3o no nosso s\u00edtio Web e, assim, melhorar a gama de produtos ou servi\u00e7os que oferecemos. Estes cookies n\u00e3o ser\u00e3o associados a nenhum dado pessoal que possa identificar o utilizador, fornecendo informa\u00e7\u00f5es sobre o comportamento de navega\u00e7\u00e3o de forma an\u00f3nima.<\/p><p>Cookies de geolocaliza\u00e7\u00e3o<\/p><p>Estes cookies s\u00e3o utilizados por programas que tentam localizar geograficamente a localiza\u00e7\u00e3o do computador, smartphone, tablet ou televis\u00e3o ligada, de forma a oferecer anonimamente conte\u00fados e servi\u00e7os mais adequados.<\/p><p>Cookies de registo<\/p><p>S\u00e3o cookies que o identificam como utilizador registado e indicam quando iniciou sess\u00e3o no s\u00edtio Web. Estes cookies s\u00e3o utilizados para identificar a sua conta de utilizador e os servi\u00e7os associados, facilitando assim a sua navega\u00e7\u00e3o. Estes cookies s\u00e3o conservados enquanto o utilizador n\u00e3o sair da sua conta, fechar o seu navegador ou desligar o seu dispositivo. Estes cookies podem ser utilizados em combina\u00e7\u00e3o com dados anal\u00edticos para identificar individualmente as suas prefer\u00eancias no nosso s\u00edtio Web.<\/p><p>Cookies de publicidade<\/p><p>S\u00e3o aqueles que, tratados por n\u00f3s ou por terceiros, nos permitem gerir eficazmente os espa\u00e7os publicit\u00e1rios do nosso s\u00edtio Web, adaptando o conte\u00fado do an\u00fancio ao conte\u00fado do servi\u00e7o solicitado ou \u00e0 utiliza\u00e7\u00e3o que faz do nosso s\u00edtio Web. Gra\u00e7as a eles, podemos conhecer os seus h\u00e1bitos de navega\u00e7\u00e3o na Internet e mostrar-lhe publicidade relacionada com o seu perfil de navega\u00e7\u00e3o.<\/p><p>\u00a0<\/p><p>Outros cookies de terceiros<\/p><p>Algumas das nossas p\u00e1ginas podem instalar cookies de terceiros que nos permitem gerir e melhorar os servi\u00e7os que oferecem. Um exemplo desta utiliza\u00e7\u00e3o s\u00e3o as liga\u00e7\u00f5es \u00e0s redes sociais que permitem a partilha dos nossos conte\u00fados.<\/p><p>Classificados pela sua dura\u00e7\u00e3o:<\/p><p>Cookies de sess\u00e3o.<\/p><p>Recolhem e armazenam dados enquanto o utilizador acede ao s\u00edtio Web.<\/p><p>Cookies persistentes<\/p><p>Recolhem e armazenam dados no terminal do utilizador durante um per\u00edodo de tempo vari\u00e1vel em fun\u00e7\u00e3o da finalidade para a qual foram utilizados.<\/p><p>O tempo de conserva\u00e7\u00e3o dos cookies depende do tipo de cookie em quest\u00e3o e ser\u00e1 sempre o m\u00ednimo necess\u00e1rio para cumprir a sua finalidade.<\/p><p>Como posso configurar as minhas prefer\u00eancias?<\/p><p>Pode permitir, bloquear ou apagar os cookies instalados no seu computador, configurando as op\u00e7\u00f5es do seu navegador de Internet.<\/p><p>Abaixo encontram-se links para informa\u00e7\u00f5es sobre como pode ativar as suas prefer\u00eancias nos principais navegadores:<\/p><ul><li><a href=\"http:\/\/support.google.com\/chrome\/bin\/answer.py?hl=es&amp;answer=95647\">Google Chrome<\/a><\/li><li><a href=\"http:\/\/support.mozilla.org\/es\/kb\/cookies-informacion-que-los-sitios-web-guardan-en-?redirectlocale=en-US&amp;redirectslug=Cookies\">Mozilla Firefox<\/a><\/li><li><a href=\"http:\/\/support.microsoft.com\/kb\/196955\/es\">Internet Explorer<\/a><\/li><li><a href=\"http:\/\/docs.info.apple.com\/article.html?path=Safari\/3.0\/fr\/9277.html\">Safari<\/a><\/li><li><a href=\"http:\/\/support.apple.com\/kb\/HT1677?viewlocale=es_ES\">Safari para IOS<\/a>(iPhone, iPad)<\/li><\/ul><p>O que acontece se os cookies forem desactivados?<\/p><p>No caso de bloquear ou n\u00e3o aceitar a instala\u00e7\u00e3o de cookies, \u00e9 poss\u00edvel que determinados servi\u00e7os oferecidos pelo nosso s\u00edtio Web que requerem a sua utiliza\u00e7\u00e3o sejam desactivados e, por conseguinte, n\u00e3o estejam dispon\u00edveis para que n\u00e3o possa tirar o m\u00e1ximo partido de tudo o que o nosso s\u00edtio Web e aplica\u00e7\u00f5es lhe oferecem. \u00c9 igualmente poss\u00edvel que o desempenho do s\u00edtio Web seja prejudicado.<\/p><p>Que tipos de cookies utilizamos?<\/p><table width=\"880\"><thead><tr><td><strong>Cookie<\/strong><\/td><td><strong>Nome<\/strong><\/td><td><strong>Objetivo<\/strong><\/td><td><strong>Propriet\u00e1rio<\/strong><\/td><td><strong>Mais informa\u00e7\u00f5es<\/strong><\/td><\/tr><\/thead><tbody><tr><td>Funcionamento<\/td><td>\u00a0<\/td><td>Os cookies de funcionalidade permitem que este s\u00edtio Web ofere\u00e7a determinadas op\u00e7\u00f5es e guarde informa\u00e7\u00f5es j\u00e1 fornecidas (como a sele\u00e7\u00e3o do nome ou da l\u00edngua) para proporcionar fun\u00e7\u00f5es melhoradas e mais personalizadas.<\/td><td>\u00a0<\/td><td>\u00a0<\/td><\/tr><tr><td>Desempenho<\/td><td>\u00a0<\/td><td>Os cookies de desempenho recolhem informa\u00e7\u00f5es sobre a utiliza\u00e7\u00e3o de um s\u00edtio Web. S\u00e3o utilizados para compreender melhor o funcionamento de um s\u00edtio Web e para melhorar o seu aspeto, conte\u00fado e funcionalidade.<\/td><td>\u00a0<\/td><td>\u00a0<\/td><\/tr><tr><td>Marketing\/Terceeros<\/td><td>\u00a0<\/td><td>Os cookies de marketing ou de terceiros prov\u00eam de empresas de publicidade externas (entre outras) e s\u00e3o utilizados para recolher informa\u00e7\u00f5es sobre as p\u00e1ginas Web que os utilizadores visitam, por exemplo, para criar publicidade personalizada.<\/td><td>\u00a0<\/td><td>\u00a0<\/td><\/tr><\/tbody><\/table><h3>\u00a0<\/h3><p><strong>POSTRES REINA informa os utilizadores das suas p\u00e1ginas web da exist\u00eancia de cookies e coloca \u00e0 sua disposi\u00e7\u00e3o a presente Pol\u00edtica com o objetivo de os informar sobre a sua utiliza\u00e7\u00e3o e finalidade. O facto de continuar a navegar nas suas p\u00e1ginas, implica o conhecimento e aceita\u00e7\u00e3o desta Pol\u00edtica por parte destes utilizadores.<\/strong><\/p><h3>\u00a0<\/h3><p><strong>Aceita\u00e7\u00e3o de cookies de acordo com a escolha<\/strong><\/p><p>Se continuar a navegar depois de ter sido informado sobre a nossa Pol\u00edtica de Cookies, entendemos que aceita a utiliza\u00e7\u00e3o de cookies.<br \/>Quando aceder a este s\u00edtio Web ou aplica\u00e7\u00e3o pela primeira vez, ver\u00e1 uma janela onde \u00e9 informado da utiliza\u00e7\u00e3o de cookies e onde pode consultar esta pol\u00edtica de cookies. Se consentir a utiliza\u00e7\u00e3o de cookies, continuar a navegar ou clicar em qualquer liga\u00e7\u00e3o, entender-se-\u00e1 que consentiu a nossa pol\u00edtica de cookies e, por conseguinte, a instala\u00e7\u00e3o de cookies no seu computador ou dispositivo.<\/p><p>Para al\u00e9m da utiliza\u00e7\u00e3o dos nossos pr\u00f3prios cookies, permitimos que terceiros instalem cookies e acedam aos mesmos no seu computador. O consentimento para a utiliza\u00e7\u00e3o dos cookies desta empresa est\u00e1 ligado \u00e0 navega\u00e7\u00e3o neste s\u00edtio Web.<\/p>\t\t\t\t\t\t\t\t<\/div>\n\t\t\t\t<\/div>\n\t\t\t\t\t<\/div>\n\t\t\t\t<\/div>\n\t\t\t\t<\/div>\n\t\t","protected":false},"excerpt":{"rendered":"<p>POSTRES REINA atrav\u00e9s deste documento, recolhe a sua pol\u00edtica de recolha e tratamento de cookies, em conformidade com as disposi\u00e7\u00f5es do artigo 22.2 da Lei 34\/2002, de 11 de julho, Servi\u00e7os da Sociedade da Informa\u00e7\u00e3o e Com\u00e9rcio Eletr\u00f3nico (LSSICE). Esta Pol\u00edtica de Cookies ser\u00e1 aplic\u00e1vel aos utilizadores que voluntariamente visitem as p\u00e1ginas web do POSTRES [&hellip;]<\/p>\n","protected":false},"author":1,"featured_media":0,"parent":0,"menu_order":0,"comment_status":"closed","ping_status":"closed","template":"","meta":{"site-sidebar-layout":"no-sidebar","site-content-layout":"page-builder","ast-site-content-layout":"full-width-container","site-content-style":"default","site-sidebar-style":"default","ast-global-header-display":"","ast-banner-title-visibility":"","ast-main-header-display":"","ast-hfb-above-header-display":"","ast-hfb-below-header-display":"","ast-hfb-mobile-header-display":"","site-post-title":"disabled","ast-breadcrumbs-content":"","ast-featured-img":"disabled","footer-sml-layout":"","ast-disable-related-posts":"","theme-transparent-header-meta":"","adv-header-id-meta":"","stick-header-meta":"","header-above-stick-meta":"","header-main-stick-meta":"","header-below-stick-meta":"","astra-migrate-meta-layouts":"set","ast-page-background-enabled":"default","ast-page-background-meta":{"desktop":{"background-color":"","background-image":"","background-repeat":"repeat","background-position":"center center","background-size":"auto","background-attachment":"scroll","background-type":"","background-media":"","overlay-type":"","overlay-color":"","overlay-opacity":"","overlay-gradient":""},"tablet":{"background-color":"","background-image":"","background-repeat":"repeat","background-position":"center center","background-size":"auto","background-attachment":"scroll","background-type":"","background-media":"","overlay-type":"","overlay-color":"","overlay-opacity":"","overlay-gradient":""},"mobile":{"background-color":"","background-image":"","background-repeat":"repeat","background-position":"center center","background-size":"auto","background-attachment":"scroll","background-type":"","background-media":"","overlay-type":"","overlay-color":"","overlay-opacity":"","overlay-gradient":""}},"ast-content-background-meta":{"desktop":{"background-color":"var(--ast-global-color-5)","background-image":"","background-repeat":"repeat","background-position":"center center","background-size":"auto","background-attachment":"scroll","background-type":"","background-media":"","overlay-type":"","overlay-color":"","overlay-opacity":"","overlay-gradient":""},"tablet":{"background-color":"var(--ast-global-color-5)","background-image":"","background-repeat":"repeat","background-position":"center center","background-size":"auto","background-attachment":"scroll","background-type":"","background-media":"","overlay-type":"","overlay-color":"","overlay-opacity":"","overlay-gradient":""},"mobile":{"background-color":"var(--ast-global-color-5)","background-image":"","background-repeat":"repeat","background-position":"center center","background-size":"auto","background-attachment":"scroll","background-type":"","background-media":"","overlay-type":"","overlay-color":"","overlay-opacity":"","overlay-gradient":""}},"footnotes":""},"class_list":["post-1996","page","type-page","status-publish","hentry"],"yoast_head":"<!-- This site is optimized with the Yoast SEO plugin v26.7 - https:\/\/yoast.com\/wordpress\/plugins\/seo\/ -->\n<title>Pol\u00edticas de Cookies PT - Reina Group<\/title>\n<meta name=\"robots\" content=\"index, follow, max-snippet:-1, max-image-preview:large, max-video-preview:-1\" \/>\n<link rel=\"canonical\" href=\"https:\/\/grupopostresreina.com\/pt-pt\/politicas-de-cookies\/\" \/>\n<meta property=\"og:locale\" content=\"pt_PT\" \/>\n<meta property=\"og:type\" content=\"article\" \/>\n<meta property=\"og:title\" content=\"Pol\u00edticas de Cookies PT - Reina Group\" \/>\n<meta property=\"og:description\" content=\"POSTRES REINA atrav\u00e9s deste documento, recolhe a sua pol\u00edtica de recolha e tratamento de cookies, em conformidade com as disposi\u00e7\u00f5es do artigo 22.2 da Lei 34\/2002, de 11 de julho, Servi\u00e7os da Sociedade da Informa\u00e7\u00e3o e Com\u00e9rcio Eletr\u00f3nico (LSSICE). Esta Pol\u00edtica de Cookies ser\u00e1 aplic\u00e1vel aos utilizadores que voluntariamente visitem as p\u00e1ginas web do POSTRES [&hellip;]\" \/>\n<meta property=\"og:url\" content=\"https:\/\/grupopostresreina.com\/pt-pt\/politicas-de-cookies\/\" \/>\n<meta property=\"og:site_name\" content=\"Reina Group\" \/>\n<meta property=\"article:modified_time\" content=\"2025-10-09T08:05:50+00:00\" \/>\n<meta name=\"twitter:card\" content=\"summary_large_image\" \/>\n<meta name=\"twitter:label1\" content=\"Tempo estimado de leitura\" \/>\n\t<meta name=\"twitter:data1\" content=\"7 minutos\" \/>\n<script type=\"application\/ld+json\" class=\"yoast-schema-graph\">{\"@context\":\"https:\/\/schema.org\",\"@graph\":[{\"@type\":\"WebPage\",\"@id\":\"https:\/\/grupopostresreina.com\/pt-pt\/politicas-de-cookies\/\",\"url\":\"https:\/\/grupopostresreina.com\/pt-pt\/politicas-de-cookies\/\",\"name\":\"Pol\u00edticas de Cookies PT - Reina Group\",\"isPartOf\":{\"@id\":\"https:\/\/grupopostresreina.com\/pt-pt\/#website\"},\"datePublished\":\"2025-10-09T07:34:50+00:00\",\"dateModified\":\"2025-10-09T08:05:50+00:00\",\"breadcrumb\":{\"@id\":\"https:\/\/grupopostresreina.com\/pt-pt\/politicas-de-cookies\/#breadcrumb\"},\"inLanguage\":\"pt-PT\",\"potentialAction\":[{\"@type\":\"ReadAction\",\"target\":[\"https:\/\/grupopostresreina.com\/pt-pt\/politicas-de-cookies\/\"]}]},{\"@type\":\"BreadcrumbList\",\"@id\":\"https:\/\/grupopostresreina.com\/pt-pt\/politicas-de-cookies\/#breadcrumb\",\"itemListElement\":[{\"@type\":\"ListItem\",\"position\":1,\"name\":\"Portada\",\"item\":\"https:\/\/grupopostresreina.com\/pt-pt\/\"},{\"@type\":\"ListItem\",\"position\":2,\"name\":\"Pol\u00edticas de Cookies PT\"}]},{\"@type\":\"WebSite\",\"@id\":\"https:\/\/grupopostresreina.com\/pt-pt\/#website\",\"url\":\"https:\/\/grupopostresreina.com\/pt-pt\/\",\"name\":\"Reina Group\",\"description\":\"\",\"potentialAction\":[{\"@type\":\"SearchAction\",\"target\":{\"@type\":\"EntryPoint\",\"urlTemplate\":\"https:\/\/grupopostresreina.com\/pt-pt\/?s={search_term_string}\"},\"query-input\":{\"@type\":\"PropertyValueSpecification\",\"valueRequired\":true,\"valueName\":\"search_term_string\"}}],\"inLanguage\":\"pt-PT\"}]}<\/script>\n<!-- \/ Yoast SEO plugin. -->","yoast_head_json":{"title":"Pol\u00edticas de Cookies PT - Reina Group","robots":{"index":"index","follow":"follow","max-snippet":"max-snippet:-1","max-image-preview":"max-image-preview:large","max-video-preview":"max-video-preview:-1"},"canonical":"https:\/\/grupopostresreina.com\/pt-pt\/politicas-de-cookies\/","og_locale":"pt_PT","og_type":"article","og_title":"Pol\u00edticas de Cookies PT - Reina Group","og_description":"POSTRES REINA atrav\u00e9s deste documento, recolhe a sua pol\u00edtica de recolha e tratamento de cookies, em conformidade com as disposi\u00e7\u00f5es do artigo 22.2 da Lei 34\/2002, de 11 de julho, Servi\u00e7os da Sociedade da Informa\u00e7\u00e3o e Com\u00e9rcio Eletr\u00f3nico (LSSICE). Esta Pol\u00edtica de Cookies ser\u00e1 aplic\u00e1vel aos utilizadores que voluntariamente visitem as p\u00e1ginas web do POSTRES [&hellip;]","og_url":"https:\/\/grupopostresreina.com\/pt-pt\/politicas-de-cookies\/","og_site_name":"Reina Group","article_modified_time":"2025-10-09T08:05:50+00:00","twitter_card":"summary_large_image","twitter_misc":{"Tempo estimado de leitura":"7 minutos"},"schema":{"@context":"https:\/\/schema.org","@graph":[{"@type":"WebPage","@id":"https:\/\/grupopostresreina.com\/pt-pt\/politicas-de-cookies\/","url":"https:\/\/grupopostresreina.com\/pt-pt\/politicas-de-cookies\/","name":"Pol\u00edticas de Cookies PT - Reina Group","isPartOf":{"@id":"https:\/\/grupopostresreina.com\/pt-pt\/#website"},"datePublished":"2025-10-09T07:34:50+00:00","dateModified":"2025-10-09T08:05:50+00:00","breadcrumb":{"@id":"https:\/\/grupopostresreina.com\/pt-pt\/politicas-de-cookies\/#breadcrumb"},"inLanguage":"pt-PT","potentialAction":[{"@type":"ReadAction","target":["https:\/\/grupopostresreina.com\/pt-pt\/politicas-de-cookies\/"]}]},{"@type":"BreadcrumbList","@id":"https:\/\/grupopostresreina.com\/pt-pt\/politicas-de-cookies\/#breadcrumb","itemListElement":[{"@type":"ListItem","position":1,"name":"Portada","item":"https:\/\/grupopostresreina.com\/pt-pt\/"},{"@type":"ListItem","position":2,"name":"Pol\u00edticas de Cookies PT"}]},{"@type":"WebSite","@id":"https:\/\/grupopostresreina.com\/pt-pt\/#website","url":"https:\/\/grupopostresreina.com\/pt-pt\/","name":"Reina Group","description":"","potentialAction":[{"@type":"SearchAction","target":{"@type":"EntryPoint","urlTemplate":"https:\/\/grupopostresreina.com\/pt-pt\/?s={search_term_string}"},"query-input":{"@type":"PropertyValueSpecification","valueRequired":true,"valueName":"search_term_string"}}],"inLanguage":"pt-PT"}]}},"_links":{"self":[{"href":"https:\/\/grupopostresreina.com\/pt-pt\/wp-json\/wp\/v2\/pages\/1996","targetHints":{"allow":["GET"]}}],"collection":[{"href":"https:\/\/grupopostresreina.com\/pt-pt\/wp-json\/wp\/v2\/pages"}],"about":[{"href":"https:\/\/grupopostresreina.com\/pt-pt\/wp-json\/wp\/v2\/types\/page"}],"author":[{"embeddable":true,"href":"https:\/\/grupopostresreina.com\/pt-pt\/wp-json\/wp\/v2\/users\/1"}],"replies":[{"embeddable":true,"href":"https:\/\/grupopostresreina.com\/pt-pt\/wp-json\/wp\/v2\/comments?post=1996"}],"version-history":[{"count":4,"href":"https:\/\/grupopostresreina.com\/pt-pt\/wp-json\/wp\/v2\/pages\/1996\/revisions"}],"predecessor-version":[{"id":2017,"href":"https:\/\/grupopostresreina.com\/pt-pt\/wp-json\/wp\/v2\/pages\/1996\/revisions\/2017"}],"wp:attachment":[{"href":"https:\/\/grupopostresreina.com\/pt-pt\/wp-json\/wp\/v2\/media?parent=1996"}],"curies":[{"name":"wp","href":"https:\/\/api.w.org\/{rel}","templated":true}]}}